{"id":893,"date":"2022-12-30T07:13:27","date_gmt":"2022-12-30T07:13:27","guid":{"rendered":"https:\/\/velosiped.no\/?page_id=893"},"modified":"2022-12-30T09:32:56","modified_gmt":"2022-12-30T09:32:56","slug":"gummi-matter","status":"publish","type":"page","link":"https:\/\/velosiped.no\/index.php\/gummi-matter\/","title":{"rendered":"Gummimatter"},"content":{"rendered":"\n<p>H\u00e5ndlager Gummimatter etter kundens \u00f8nske, eller kopi av originale.<\/p>\n\n\n\n<figure class=\"wp-block-image size-full\"><img loading=\"lazy\" decoding=\"async\" width=\"480\" height=\"450\" src=\"https:\/\/velosiped.no\/wp-content\/uploads\/2022\/12\/hovedbilde.gif\" alt=\"\" class=\"wp-image-888\"\/><figcaption class=\"wp-element-caption\">Diverse Gummimatte pr\u00f8ver<\/figcaption><\/figure>\n\n\n\n<p><\/p>\n\n\n\n<figure class=\"wp-block-image size-full\"><img loading=\"lazy\" decoding=\"async\" width=\"300\" height=\"250\" src=\"https:\/\/velosiped.no\/wp-content\/uploads\/2022\/12\/skvettlapp-ny-3a.gif\" alt=\"\" class=\"wp-image-978\"\/><\/figure>\n\n\n\n<p>De mest vanlige m\u00f8nstrene som brukes til stigbrett og gulv matter<\/p>\n\n\n\n<figure class=\"wp-block-image size-full\"><img loading=\"lazy\" decoding=\"async\" width=\"350\" height=\"50\" src=\"https:\/\/velosiped.no\/wp-content\/uploads\/2022\/12\/breiribb.gif\" alt=\"\" class=\"wp-image-979\"\/><figcaption class=\"wp-element-caption\">Type I Breiribb<\/figcaption><\/figure>\n\n\n\n<figure class=\"wp-block-image size-full\"><img loading=\"lazy\" decoding=\"async\" width=\"350\" height=\"50\" src=\"https:\/\/velosiped.no\/wp-content\/uploads\/2022\/12\/type-d.gif\" alt=\"\" class=\"wp-image-980\"\/><figcaption class=\"wp-element-caption\">Type D<\/figcaption><\/figure>\n\n\n\n<figure class=\"wp-block-image size-full\"><img loading=\"lazy\" decoding=\"async\" width=\"350\" height=\"50\" src=\"https:\/\/velosiped.no\/wp-content\/uploads\/2022\/12\/mellomribb.gif\" alt=\"\" class=\"wp-image-981\"\/><figcaption class=\"wp-element-caption\">Type L Mellomribb<\/figcaption><\/figure>\n\n\n\n<figure class=\"wp-block-image size-full\"><img loading=\"lazy\" decoding=\"async\" width=\"350\" height=\"50\" src=\"https:\/\/velosiped.no\/wp-content\/uploads\/2022\/12\/smalribb.gif\" alt=\"\" class=\"wp-image-982\"\/><figcaption class=\"wp-element-caption\">Type H Smalribb<\/figcaption><\/figure>\n\n\n\n<figure class=\"wp-block-image size-full\"><img loading=\"lazy\" decoding=\"async\" width=\"350\" height=\"70\" src=\"https:\/\/velosiped.no\/wp-content\/uploads\/2022\/12\/pyramide.gif\" alt=\"\" class=\"wp-image-983\"\/><figcaption class=\"wp-element-caption\">Type M Pyramide<\/figcaption><\/figure>\n\n\n\n<p>SKJERMBESKYTTER<\/p>\n\n\n\n<figure class=\"wp-block-image size-full\"><img loading=\"lazy\" decoding=\"async\" width=\"200\" height=\"312\" src=\"https:\/\/velosiped.no\/wp-content\/uploads\/2022\/12\/gummimatte-1b.gif\" alt=\"\" class=\"wp-image-984\"\/><\/figure>\n\n\n\n<figure class=\"wp-block-image size-full\"><img loading=\"lazy\" decoding=\"async\" width=\"444\" height=\"300\" src=\"https:\/\/velosiped.no\/wp-content\/uploads\/2022\/12\/gummimatte-1c.gif\" alt=\"\" class=\"wp-image-985\"\/><figcaption class=\"wp-element-caption\">Skjermbeskytter montert p\u00e5 bakskjerm. Den m\u00e5 slittes litt opp nederst for \u00e5 bli brettet rundt skjermen. Limes med kontaktlim<\/figcaption><\/figure>\n\n\n\n<figure class=\"wp-block-image size-full\"><img loading=\"lazy\" decoding=\"async\" width=\"340\" height=\"262\" src=\"https:\/\/velosiped.no\/wp-content\/uploads\/2022\/12\/1a-gulvmatte.gif\" alt=\"\" class=\"wp-image-986\"\/><\/figure>\n\n\n\n<figure class=\"wp-block-image size-full\"><img loading=\"lazy\" decoding=\"async\" width=\"500\" height=\"250\" src=\"https:\/\/velosiped.no\/wp-content\/uploads\/2022\/12\/0a-gulvmatte.gif\" alt=\"\" class=\"wp-image-987\"\/><figcaption class=\"wp-element-caption\">Hjemmelagde gulvmatter til Saab. Har brukt originale matter som mal men kan ogs\u00e5 lage etter tegning<\/figcaption><\/figure>\n","protected":false},"excerpt":{"rendered":"<p>H\u00e5ndlager Gummimatter etter kundens \u00f8nske, eller kopi av originale. De mest vanlige m\u00f8nstrene som brukes til stigbrett og gulv matter SKJERMBESKYTTER<\/p>\n","protected":false},"author":1,"featured_media":0,"parent":0,"menu_order":0,"comment_status":"closed","ping_status":"closed","template":"","meta":{"footnotes":""},"class_list":["post-893","page","type-page","status-publish","hentry"],"_links":{"self":[{"href":"https:\/\/velosiped.no\/index.php\/wp-json\/wp\/v2\/pages\/893","targetHints":{"allow":["GET"]}}],"collection":[{"href":"https:\/\/velosiped.no\/index.php\/wp-json\/wp\/v2\/pages"}],"about":[{"href":"https:\/\/velosiped.no\/index.php\/wp-json\/wp\/v2\/types\/page"}],"author":[{"embeddable":true,"href":"https:\/\/velosiped.no\/index.php\/wp-json\/wp\/v2\/users\/1"}],"replies":[{"embeddable":true,"href":"https:\/\/velosiped.no\/index.php\/wp-json\/wp\/v2\/comments?post=893"}],"version-history":[{"count":4,"href":"https:\/\/velosiped.no\/index.php\/wp-json\/wp\/v2\/pages\/893\/revisions"}],"predecessor-version":[{"id":989,"href":"https:\/\/velosiped.no\/index.php\/wp-json\/wp\/v2\/pages\/893\/revisions\/989"}],"wp:attachment":[{"href":"https:\/\/velosiped.no\/index.php\/wp-json\/wp\/v2\/media?parent=893"}],"curies":[{"name":"wp","href":"https:\/\/api.w.org\/{rel}","templated":true}]}}