{"id":885,"date":"2022-12-30T06:48:53","date_gmt":"2022-12-30T06:48:53","guid":{"rendered":"https:\/\/velosiped.no\/?page_id=885"},"modified":"2025-10-19T08:08:31","modified_gmt":"2025-10-19T08:08:31","slug":"skvettlapper","status":"publish","type":"page","link":"https:\/\/velosiped.no\/index.php\/skvettlapper\/","title":{"rendered":"Skvettlapper.no"},"content":{"rendered":"\n<p><\/p>\n\n\n\n<figure class=\"wp-block-gallery has-nested-images columns-default is-cropped wp-block-gallery-1 is-layout-flex wp-block-gallery-is-layout-flex\">\n<figure class=\"wp-block-image size-full\"><img loading=\"lazy\" decoding=\"async\" width=\"386\" height=\"256\" data-id=\"974\" src=\"https:\/\/velosiped.no\/wp-content\/uploads\/2022\/12\/9a-liten-1.jpg\" alt=\"\" class=\"wp-image-974\" srcset=\"https:\/\/velosiped.no\/wp-content\/uploads\/2022\/12\/9a-liten-1.jpg 386w, https:\/\/velosiped.no\/wp-content\/uploads\/2022\/12\/9a-liten-1-300x199.jpg 300w\" sizes=\"auto, (max-width: 386px) 100vw, 386px\" \/><\/figure>\n\n\n\n<figure class=\"wp-block-image size-full\"><img loading=\"lazy\" decoding=\"async\" width=\"386\" height=\"256\" data-id=\"968\" src=\"https:\/\/velosiped.no\/wp-content\/uploads\/2022\/12\/11a-liten.jpg\" alt=\"\" class=\"wp-image-968\" srcset=\"https:\/\/velosiped.no\/wp-content\/uploads\/2022\/12\/11a-liten.jpg 386w, https:\/\/velosiped.no\/wp-content\/uploads\/2022\/12\/11a-liten-300x199.jpg 300w\" sizes=\"auto, (max-width: 386px) 100vw, 386px\" \/><\/figure>\n<\/figure>\n\n\n\n<p>Jeg lager alle typer skvettlapper, b\u00e5de kopi av originale og etter fri fantasi. Har ogs\u00e5 noen nyproduserte originale.<br>H\u00e5ndlager gummi matter etter kundens \u00f8nske eller kopi av originale.<br>Lager pakninger av kork, papir og gummi i flere tykkelser<\/p>\n\n\n\n<p><a href=\"https:\/\/velosiped.no\/index.php\/skvettlapper-2\/\" data-type=\"page\" data-id=\"891\">Skvettlapper<\/a><\/p>\n\n\n\n<p>Skvettlapper til tr\u00e5sykler<\/p>\n\n\n\n<p><a href=\"https:\/\/velosiped.no\/index.php\/gummi-matter\/\" data-type=\"page\" data-id=\"893\">Gummi matter<\/a><\/p>\n\n\n\n<p><a href=\"https:\/\/velosiped.no\/index.php\/gummi-og-pakninger\/\" data-type=\"page\" data-id=\"895\">Gummi og Pakninger<\/a><\/p>\n\n\n\n<p><a href=\"https:\/\/velosiped.no\/index.php\/reparasjoner\/\" data-type=\"page\" data-id=\"897\">Reparasjoner<\/a><\/p>\n\n\n\n<p><a href=\"https:\/\/velosiped.no\/index.php\/tilbakemeldinger\/\" data-type=\"page\" data-id=\"899\">Tilbakemeldinger<\/a><\/p>\n\n\n\n<p><br><br><br><\/p>\n","protected":false},"excerpt":{"rendered":"<p>Jeg lager alle typer skvettlapper, b\u00e5de kopi av originale og etter fri fantasi. Har ogs\u00e5 noen nyproduserte originale.H\u00e5ndlager gummi matter etter kundens \u00f8nske eller kopi av originale.Lager pakninger av kork, papir og gummi i flere tykkelser Skvettlapper Skvettlapper til tr\u00e5sykler Gummi matter Gummi og Pakninger Reparasjoner Tilbakemeldinger<\/p>\n","protected":false},"author":1,"featured_media":0,"parent":0,"menu_order":0,"comment_status":"closed","ping_status":"closed","template":"","meta":{"footnotes":""},"class_list":["post-885","page","type-page","status-publish","hentry"],"_links":{"self":[{"href":"https:\/\/velosiped.no\/index.php\/wp-json\/wp\/v2\/pages\/885","targetHints":{"allow":["GET"]}}],"collection":[{"href":"https:\/\/velosiped.no\/index.php\/wp-json\/wp\/v2\/pages"}],"about":[{"href":"https:\/\/velosiped.no\/index.php\/wp-json\/wp\/v2\/types\/page"}],"author":[{"embeddable":true,"href":"https:\/\/velosiped.no\/index.php\/wp-json\/wp\/v2\/users\/1"}],"replies":[{"embeddable":true,"href":"https:\/\/velosiped.no\/index.php\/wp-json\/wp\/v2\/comments?post=885"}],"version-history":[{"count":6,"href":"https:\/\/velosiped.no\/index.php\/wp-json\/wp\/v2\/pages\/885\/revisions"}],"predecessor-version":[{"id":1250,"href":"https:\/\/velosiped.no\/index.php\/wp-json\/wp\/v2\/pages\/885\/revisions\/1250"}],"wp:attachment":[{"href":"https:\/\/velosiped.no\/index.php\/wp-json\/wp\/v2\/media?parent=885"}],"curies":[{"name":"wp","href":"https:\/\/api.w.org\/{rel}","templated":true}]}}