{"id":1226,"date":"2025-02-23T19:58:17","date_gmt":"2025-02-23T19:58:17","guid":{"rendered":"https:\/\/velosiped.no\/?page_id=1226"},"modified":"2025-02-23T19:58:17","modified_gmt":"2025-02-23T19:58:17","slug":"harstad-tidende-20-02-2025","status":"publish","type":"page","link":"https:\/\/velosiped.no\/index.php\/harstad-tidende-20-02-2025\/","title":{"rendered":"Harstad tidende 20.02.2025"},"content":{"rendered":"\n<p class=\"has-larger-font-size\">En turist-attraksjon p\u00e5 to hjul<\/p>\n\n\n\n<p>Kjell Rune Henriksen<\/p>\n\n\n\n<h5 class=\"wp-block-heading\" id=\"viewer-e0yrd410\"><strong>&laquo;Alle&raquo; turistene ville fotografere Jan Paulsen. Ikke s\u00e5 rart n\u00e5r man sykler Nordkapp -Lindesnes p\u00e5 en 140 \u00e5r gammel veltepetter.<\/strong><\/h5>\n\n\n\n<figure class=\"wp-block-image\"><img decoding=\"async\" src=\"https:\/\/static.wixstatic.com\/media\/6e2391_586e94e1338d4072ab208ab28d968924~mv2.jpg\/v1\/fill\/w_730,h_547,al_c,q_85,enc_avif,quality_auto\/6e2391_586e94e1338d4072ab208ab28d968924~mv2.jpg\" alt=\"TIDSRIKTIG: P\u00e5 en 130 \u00e5r gammel sykkel, if\u00f8rt tidsriktige kl\u00e6r, la Jan Paulsen ut p\u00e5 en sykkeltur fra Nordkapp til Lindesnes. Det hadde ingen gjort f\u00f8r han, og sannsyligvis vil ingen gj\u00f8re det etter han heller. Foto: Privat\"\/><figcaption class=\"wp-element-caption\"><strong>TIDSRIKTIG:<\/strong> P\u00e5 en 130 \u00e5r gammel sykkel, if\u00f8rt tidsriktige kl\u00e6r, la Jan Paulsen ut p\u00e5 en sykkeltur fra Nordkapp til Lindesnes. Det hadde ingen gjort f\u00f8r han, og sannsyligvis vil ingen gj\u00f8re det etter han heller. <em>Foto: Privat<\/em><\/figcaption><\/figure>\n\n\n\n<p id=\"viewer-0c1qz406\">Hva gj\u00f8r du hvis du vil v\u00e6re litt &laquo;mot normal&raquo; i syklistenes verden? For Jan Paulsen fra Drammen var valget ganske enkelt: Skaffe seg en veltepetter, sette den i farbar stand og sykle fra Nordkapp til Lindesnes.<\/p>\n\n\n\n<p id=\"viewer-n36a01410\">-Det var det mest unormale jeg kunne tenke meg, forteller sykkelentusiast Paulsen til <a target=\"_blank\" href=\"http:\/\/tohjulingen.no\/\" rel=\"noreferrer noopener\"><u>tohjulingen.no<\/u><\/a>.<\/p>\n\n\n\n<p id=\"viewer-u4u1v4004\"><strong>Ekspedisjon i bursdagsgave<\/strong><\/p>\n\n\n\n<p id=\"viewer-weqei3525\">Vi skal s\u00e5 langt tilbake som til klokken 09.00 den 21. juni 2008. Den da 55 \u00e5r gamle Jan Paulsen hadde gitt seg selv en sykkeltur i bursdagsgave, og if\u00f8rt tidsriktig antrekk og en kantstein i betong som n\u00f8dbrems, ga han seg motbakker og motvind i vold.<\/p>\n\n\n\n<p id=\"viewer-jnv6p906\">Kantstein? Ja, det var det han hadde for h\u00e5nden denne sm\u00e5hustrige morgenen p\u00e5 71 grader nord. Man m\u00e5 jo kunne holde farten nede i nedoverbakkene, m\u00e5 vite. Og n\u00e5r forbl\u00e5ste snaufjell i nord ikke har vegetasjon \u00e5 by p\u00e5, m\u00e5 stein og hampetau ta rollen som ABS-brems. Vanligvis har han nemlig en bunt med greiner hengende p\u00e5 slep, men som den Reodoren han er, s\u00e5 tager man hva man haver.<\/p>\n\n\n\n<p id=\"viewer-d5g9619956\"><strong>Dreper ikke historien til en gammel sykkel<\/strong><\/p>\n\n\n\n<figure class=\"wp-block-image\"><img decoding=\"async\" src=\"https:\/\/static.wixstatic.com\/media\/6e2391_f2a951b2e0b2400bb5e9cc85daefa577~mv2.jpg\/v1\/fill\/w_350,h_262,al_c,q_80,usm_0.66_1.00_0.01,enc_avif,quality_auto\/6e2391_f2a951b2e0b2400bb5e9cc85daefa577~mv2.jpg\" alt=\"BREMSER: Kantsteinen ble raskt byttet ut med bj\u00f8rkeris. Foto: Privat\"\/><figcaption class=\"wp-element-caption\"><strong>BREMSER:<\/strong> Kantsteinen ble raskt byttet ut med bj\u00f8rkeris. <em>Foto: Privat<\/em><\/figcaption><\/figure>\n\n\n\n<p id=\"viewer-5rcc715888\">Vi skal imidlertid skru tiden ytterligere \u00e5tte \u00e5r tilbake i tid for \u00e5 finne starten p\u00e5 dette knapt 2518 kilometer lange sykkeleventyret.<\/p>\n\n\n\n<p id=\"viewer-ri0pp20218\">Det var nemlig rundt \u00e5rtusenskiftet at industrimekanikeren Jan Paulsen bestemte seg for \u00e5 g\u00e5 for det mer unormale i sykkeluniverset. Han hadde f\u00e5tt los p\u00e5 en veltepetter i Gausdal, en dr\u00f8y times kj\u00f8ring nordvest av Lillehammer. Da var det bare \u00e5 sette seg i bilen, og velocipeden fra ca. 1880 ble selvsagt med hjem til Drammen.<\/p>\n\n\n\n<p id=\"viewer-d77zx254819\">Der ble det full sjekk, og n\u00f8dvendige reparasjoner i Paulsens \u00e5nd. Det skal virke. Det er det viktigste. I tillegg til at han ser historisk verdi i hver en skramme.<\/p>\n\n\n\n<p id=\"viewer-ntqi920235\">-Her er det Owatrol og en twist-dott som gjelder. Jeg dreper ikke historien til en gammel sykkel, sier Jan Paulsen.<\/p>\n\n\n\n<p id=\"viewer-48qcw25890\">Ny, skinnende lakk er derfor ikke et alternativ, selv om han ogs\u00e5 har full respekt for dem som gj\u00f8r tohjulingen mer str\u00f8ken enn da den rullet ut av fabrikken som ny.<\/p>\n\n\n\n<p id=\"viewer-oep9725720\"><strong><em>(Artikkelen fortsetter under bildet)<\/em><\/strong><\/p>\n\n\n\n<figure class=\"wp-block-image\"><img decoding=\"async\" src=\"https:\/\/static.wixstatic.com\/media\/6e2391_377da0bc154c48ccbc37b4e31f35d2e3~mv2.jpg\/v1\/fill\/w_740,h_555,al_c,q_85,usm_0.66_1.00_0.01,enc_avif,quality_auto\/6e2391_377da0bc154c48ccbc37b4e31f35d2e3~mv2.jpg\" alt=\"VELTEPETTER: Det er ikke bare bare \u00e5 l\u00e6re seg \u00e5 sykle p\u00e5 en slik, men etter litt \u00f8velse var koden knekt.        Foto: Privat \"\/><figcaption class=\"wp-element-caption\"><strong>VELTEPETTER:<\/strong> Det er ikke bare bare \u00e5 l\u00e6re seg \u00e5 sykle p\u00e5 en slik, men etter litt \u00f8velse var koden knekt. <em>Foto: Privat<\/em><\/figcaption><\/figure>\n\n\n\n<p id=\"viewer-9445c27908\"><strong>Sjelden samling<\/strong><\/p>\n\n\n\n<p id=\"viewer-1ca7o20654\">Den yrkesaktive 72-\u00e5ringen er den ubestridte Veltepetter-eksperten her til lands. Til og med den n\u00e5 avd\u00f8de sykkel-legenden Einar St\u00f8p Bowitz konsultere Paulsens ekspertise n\u00e5r det en sjelden gang ramlet inn en veltepetter til reparasjon.<\/p>\n\n\n\n<figure class=\"wp-block-image\"><img decoding=\"async\" src=\"https:\/\/static.wixstatic.com\/media\/6e2391_9336500e0e4a4ed28f7abcad6e0d756d~mv2.jpg\/v1\/fill\/w_350,h_235,al_c,q_80,usm_0.66_1.00_0.01,enc_avif,quality_auto\/6e2391_9336500e0e4a4ed28f7abcad6e0d756d~mv2.jpg\" alt=\"GAMMEL: Den eldste sykkelen i Jans samling er fra ca. 1860. \"\/><figcaption class=\"wp-element-caption\">GAMMEL: Den eldste sykkelen i Jans samling er fra ca. 1860.<\/figcaption><\/figure>\n\n\n\n<p id=\"viewer-9l3wz31619\">Siden 2000 har samlingen vokst p\u00e5 seg, og en kikk inne p\u00e5 hans nettside, <a target=\"_blank\" href=\"http:\/\/velosiped.no\/\" rel=\"noreferrer noopener\"><u>velosiped.no<\/u><\/a>, levner ingen tvil. Det er det eldste av det gamle som ligger Jans hjerte aller n\u00e6rmest.<\/p>\n\n\n\n<p id=\"viewer-mb5hk39615\">I tillegg til hans to veltepettere er hans eldste sykkel fra 1860 \u00e5 betrakte som en juvel. For ikke \u00e5 glemme en Swift fra 1889 og en 126 \u00e5r gammel amerikansk Cresent med trefelger og langlenket kjede. Og fellesnevneren for dem alle, er at de er i sykkelbar stand.<\/p>\n\n\n\n<p id=\"viewer-w7lpx12445\">-Det er som om jeg f\u00f8ler et ansvar for verdensarven \u00e5 holde dem i den stand de er i n\u00e5, forteller Jan Paulsen.<\/p>\n\n\n\n<p id=\"viewer-nnpxq20945\"><strong><em>(Artikkelen fortsetter under bildene)<\/em><\/strong><\/p>\n\n\n\n<figure class=\"wp-block-image\"><img decoding=\"async\" src=\"https:\/\/static.wixstatic.com\/media\/6e2391_09987068f7ed4115b0a676d03fdef629~mv2.jpg\/v1\/fill\/w_600,h_450,al_c,lg_1,q_80,enc_avif,quality_auto\/6e2391_09987068f7ed4115b0a676d03fdef629~mv2.jpg\" alt=\"SWIFT: En Swift fra 1889 med industrikjede er \u00e9n av juvelene i Jan Paulsens samling. Foto: Privat\"\/><figcaption class=\"wp-element-caption\"><strong>SWIFT:<\/strong> En Swift fra 1889 med industrikjede er \u00e9n av juvelene i Jan Paulsens samling. <em>Foto: Privat<\/em><\/figcaption><\/figure>\n\n\n\n<figure class=\"wp-block-image\"><img decoding=\"async\" src=\"https:\/\/static.wixstatic.com\/media\/6e2391_9814dafaea2c48258e74ca8c3b1e87d1~mv2.jpg\/v1\/fill\/w_600,h_450,al_c,lg_1,q_80,enc_avif,quality_auto\/6e2391_9814dafaea2c48258e74ca8c3b1e87d1~mv2.jpg\" alt=\"CRESCENT: En amerikansk Crescent fra 1889 med trefelger og langlenket kjede er blitt et smykke i Jan Paulsens eie.\"\/><figcaption class=\"wp-element-caption\">CRESCENT: En amerikansk Crescent fra 1889 med trefelger og langlenket kjede er blitt et smykke i Jan Paulsens eie.<\/figcaption><\/figure>\n\n\n\n<figure class=\"wp-block-image\"><img decoding=\"async\" src=\"https:\/\/static.wixstatic.com\/media\/6e2391_22dac9750e23414586821659186f1ee0~mv2.jpg\/v1\/fill\/w_560,h_420,al_c,lg_1,q_80,enc_avif,quality_auto\/6e2391_22dac9750e23414586821659186f1ee0~mv2.jpg\" alt=\"SPESIELL: Ikke noe vanlig syn dette heller. Her er Jan p\u00e5 tur med Long Jon etter restaurering. Foto: Privat\"\/><figcaption class=\"wp-element-caption\"><strong>SPESIELL:<\/strong> Ikke noe vanlig syn dette heller. Her er Jan p\u00e5 tur med Long Jon etter restaurering. <em>Foto: Privat<\/em><\/figcaption><\/figure>\n\n\n\n<p id=\"viewer-7m58x25450\"><strong>Lager delene selv<\/strong><\/p>\n\n\n\n<p id=\"viewer-c9lo166701\">Som en slags skjebnens ironi jobber Paulsen i dag med \u00e5 knuse gammelt jernskrap p\u00e5 en gjenvinningsstasjon i Drammen.<\/p>\n\n\n\n<p id=\"viewer-0mof951343\">-Ja, det blir jo et slags paradoks, sier Paulsen selv, vel vitende om at han fra tid til annen faktisk har gjort det han sier han ikke skal gj\u00f8re: Drepe historien til en gammel sykkel.<\/p>\n\n\n\n<p id=\"viewer-x557458403\">Men han er alts\u00e5 industrimekaniker av utdanning, og det har kommet sv\u00e6rt godt med i \u00e5renes l\u00f8p. Deler til veltepettere og andre 1800-talls sykler er ikke hyllevare akkurat.<\/p>\n\n\n\n<figure class=\"wp-block-image\"><img decoding=\"async\" src=\"https:\/\/static.wixstatic.com\/media\/6e2391_df3ce380a6014904bd61d7f74087094f~mv2.jpg\/v1\/fill\/w_350,h_237,al_c,q_80,usm_0.66_1.00_0.01,enc_avif,quality_auto\/6e2391_df3ce380a6014904bd61d7f74087094f~mv2.jpg\" alt=\"HAR UTSTYRET I ORDEN: Det er ingen ulempe \u00e5 v\u00e6re industrimekaniker n\u00e5r man skal valse felgringer til en veltepetter. Foto: Privat\"\/><figcaption class=\"wp-element-caption\"><strong>HAR UTSTYRET I ORDEN:<\/strong> Det er ingen ulempe \u00e5 v\u00e6re industrimekaniker n\u00e5r man skal valse felgringer til en veltepetter. <em>Foto: Privat<\/em><\/figcaption><\/figure>\n\n\n\n<p id=\"viewer-icy0785143\">P\u00e5 verkstedet har han dreid nye nav. Han har valset nye felgringer, han har laget nye sykkelstyrer og saler og han lager ny felggummi av o-ringsnor.<\/p>\n\n\n\n<p id=\"viewer-5s0n5258865\">Det er vel knapt den ting han ikke har gjort p\u00e5 godt voksne tohjulinger.<\/p>\n\n\n\n<p id=\"viewer-df84n259005\">Men ogs\u00e5 deler til mer moderne sykler ser dagens lys i Paulsens verksted. Sykkelst\u00f8tter og dashbord til Apache og Tomahawk inng\u00e5r i hans produktportef\u00f8lje. Det gj\u00f8r ogs\u00e5 verkt\u00f8y til \u00e5 demontere og montere st\u00f8tter p\u00e5 DBS-sykler.<\/p>\n\n\n\n<p id=\"viewer-cctoy107971\">-Jeg har h\u00f8rt folk si at mitt verkt\u00f8y fungerer bedre enn originalverkt\u00f8yet som ble brukt hos \u00d8gl\u00e6nd, sier mannen som ikke veldig gjerne tar selvskryt i sin munn.<\/p>\n\n\n\n<p id=\"viewer-1oauh117646\"><strong>Produserer klistremerker<\/strong><\/p>\n\n\n\n<p id=\"viewer-mpsyj115965\">Innimellom dukker det opp sp\u00f8rsm\u00e5l om klistremerker p\u00e5 ulike Facebook-forum. Og ganske raskt dukker navnet Jan Paulsen og nettstedet <a target=\"_blank\" href=\"http:\/\/velosiped.no\/\" rel=\"noreferrer noopener\"><u>velosiped.no<\/u><\/a> opp i kommentarfeltene.<\/p>\n\n\n\n<figure class=\"wp-block-image\"><img decoding=\"async\" src=\"https:\/\/static.wixstatic.com\/media\/6e2391_86bbf0fe87c54371a82cd45d0060e759~mv2.jpg\/v1\/fill\/w_130,h_173,al_c,q_80,usm_0.66_1.00_0.01,enc_avif,quality_auto\/6e2391_86bbf0fe87c54371a82cd45d0060e759~mv2.jpg\" alt=\"MERKER: Jan Paulsen lager merker p\u00e5 bestilling.\"\/><figcaption class=\"wp-element-caption\">MERKER: Jan Paulsen lager merker p\u00e5 bestilling.<\/figcaption><\/figure>\n\n\n\n<p id=\"viewer-9xqob132238\">-Vil du h\u00f8re hele historien, ler den pratsomme hovedpersonen. Men n\u00f8yer seg likevel med kortversjonen.<\/p>\n\n\n\n<p id=\"viewer-j1l0t139364\">-Jeg var i sin tid med p\u00e5 \u00e5 hjelpe en kamerat som hadde startet opp et silketrykkeri. Det gikk imidlertid ikke s\u00e5 veldig bra, s\u00e5 det endte med at jeg overtok en del av utstyret og fortsatte produksjonen av klistremerker til blant annet sykler, forteller Paulsen, som ganske nylig investerte tungt i en ny printer til form\u00e5let.<\/p>\n\n\n\n<p id=\"viewer-ckfuc171718\">-Jeg har en del klistremerker p\u00e5 lager, men jeg lager ogs\u00e5 p\u00e5 bestilling, reklamerer Paulsen.<\/p>\n\n\n\n<p id=\"viewer-7xmll188579\"><strong>I m\u00e5l etter 31 dager<\/strong><\/p>\n\n\n\n<p id=\"viewer-dyi4c182149\">Og apropos klister. Limt seg fast i Paulsens minne har definitivt sykkelturen for snart 17 \u00e5r siden. P\u00e5 inn og utpust kan han fortsatt snakke om motvinden p\u00e5 Nordkapp, og i samme skuddtakt kan han fortelle om godv\u00e6ret p\u00e5 sjarm\u00f8retappen inn til Lindesnes 31 dager senere. Det er den tiden det tar n\u00e5r han regner \u00e9n mil i timen og dagsetapper p\u00e5 rundt 9 mil. Normalt er det uansett ikke. Og det er jo akkurat s\u00e5nn Jan Paulsen liker det.<\/p>\n\n\n\n<figure class=\"wp-block-image\"><img decoding=\"async\" src=\"https:\/\/static.wixstatic.com\/media\/6e2391_c81c0d044551482b9ce1b98bf61bfd8b~mv2.jpg\/v1\/fill\/w_740,h_555,al_c,q_85,usm_0.66_1.00_0.01,enc_avif,quality_auto\/6e2391_c81c0d044551482b9ce1b98bf61bfd8b~mv2.jpg\" alt=\"TEAMET: Teamet som fulgte Jan (t.h.) p\u00e5 sykkeleventyret fra Nordkapp til Lindesnes. Bonso, Kjell og Ingunn. Sistnevnte kj\u00f8rte f\u00f8lgebil p\u00e5 hele turen. Med en reserveveltepetter bakp\u00e5. Foto: Privat\"\/><figcaption class=\"wp-element-caption\"><strong>TEAMET: <\/strong>Teamet som fulgte Jan (t.h.) p\u00e5 sykkeleventyret fra Nordkapp til Lindesnes. Bonso, Kjell og Ingunn. Sistnevnte kj\u00f8rte f\u00f8lgebil p\u00e5 hele turen. Med en reserveveltepetter bakp\u00e5. <em>Foto: Privat<\/em><\/figcaption><\/figure>\n\n\n\n<p id=\"viewer-jmrnh249490\">(<strong>Du kan lese mer om denne turen og flere andre p\u00e5 Jans nettside <\/strong><a target=\"_blank\" href=\"http:\/\/velosiped.no\/\" rel=\"noreferrer noopener\"><strong><u>velosiped.no<\/u><\/strong><\/a><strong>)<\/strong><\/p>\n\n\n\n<figure class=\"wp-block-image\"><img decoding=\"async\" src=\"https:\/\/static.wixstatic.com\/media\/6e2391_311cb0daed9f457384a89590cf071064~mv2.jpg\/v1\/fill\/w_480,h_500,al_c,lg_1,q_80,enc_avif,quality_auto\/6e2391_311cb0daed9f457384a89590cf071064~mv2.jpg\" alt=\"OL-DELTAKERE: Jan har vist fram sine veltepetter-kunnskaper i mange sammenhenger. Her under OL i 2012 der han deltok sammen med formannen i Dalen &amp; Vistad frilynde pedallag, Bj\u00f8rn Anderson (t.v.). Foto: Privat\"\/><figcaption class=\"wp-element-caption\"><strong>OL-DELTAKERE: <\/strong>Jan har vist fram sine veltepetter-kunnskaper i mange sammenhenger. Her under OL i 2012 der han deltok sammen med formannen i Dalen &amp; Vistad frilynde pedallag, Bj\u00f8rn Anderson (t.v.). <em>Foto: Privat<\/em><\/figcaption><\/figure>\n","protected":false},"excerpt":{"rendered":"<p>En turist-attraksjon p\u00e5 to hjul Kjell Rune Henriksen &laquo;Alle&raquo; turistene ville fotografere Jan Paulsen. Ikke s\u00e5 rart n\u00e5r man sykler Nordkapp -Lindesnes p\u00e5 en 140 \u00e5r gammel veltepetter. Hva gj\u00f8r du hvis du vil v\u00e6re litt &laquo;mot normal&raquo; i syklistenes verden? For Jan Paulsen fra Drammen var valget ganske enkelt: Skaffe seg en veltepetter, sette [&hellip;]<\/p>\n","protected":false},"author":1,"featured_media":0,"parent":0,"menu_order":0,"comment_status":"closed","ping_status":"closed","template":"","meta":{"footnotes":""},"class_list":["post-1226","page","type-page","status-publish","hentry"],"_links":{"self":[{"href":"https:\/\/velosiped.no\/index.php\/wp-json\/wp\/v2\/pages\/1226","targetHints":{"allow":["GET"]}}],"collection":[{"href":"https:\/\/velosiped.no\/index.php\/wp-json\/wp\/v2\/pages"}],"about":[{"href":"https:\/\/velosiped.no\/index.php\/wp-json\/wp\/v2\/types\/page"}],"author":[{"embeddable":true,"href":"https:\/\/velosiped.no\/index.php\/wp-json\/wp\/v2\/users\/1"}],"replies":[{"embeddable":true,"href":"https:\/\/velosiped.no\/index.php\/wp-json\/wp\/v2\/comments?post=1226"}],"version-history":[{"count":1,"href":"https:\/\/velosiped.no\/index.php\/wp-json\/wp\/v2\/pages\/1226\/revisions"}],"predecessor-version":[{"id":1227,"href":"https:\/\/velosiped.no\/index.php\/wp-json\/wp\/v2\/pages\/1226\/revisions\/1227"}],"wp:attachment":[{"href":"https:\/\/velosiped.no\/index.php\/wp-json\/wp\/v2\/media?parent=1226"}],"curies":[{"name":"wp","href":"https:\/\/api.w.org\/{rel}","templated":true}]}}